{"id":2,"date":"2015-05-19T11:10:32","date_gmt":"2015-05-19T09:10:32","guid":{"rendered":"http:\/\/markuswalter.net\/?page_id=2"},"modified":"2022-10-26T20:53:36","modified_gmt":"2022-10-26T18:53:36","slug":"beispiel-seite","status":"publish","type":"page","link":"https:\/\/markuswalter.net\/index.php\/beispiel-seite\/","title":{"rendered":"\u00dcber mich"},"content":{"rendered":"<p>Mein Name ist Markus Walter. Wohnhaft in Friedrichsthal im sch\u00f6nen Saarland.<\/p>\n<p><strong>Werdegang<\/strong><br \/>\nGeboren wurde ich im Jahre 1971, nach bestandenem Fachabitur habe ich zun\u00e4chst eine Ausbildung zum Datenverarbeitungskaufmann (so hie\u00df das damals) abgeschlossen und anschlie\u00dfend an der HTW des Saarlandes Informatik studiert. Schon fr\u00fch war ich im Bereich IT selbst\u00e4ndig, in erster Linie im Bereich Softwareentwicklung. 16 Jahre war ich Mitinhaber einer kleinen Softwarefirma.<\/p>\n<p><strong>Hobbies<\/strong><\/p>\n<p><strong>Schwimmen und Wasserball<\/strong><br \/>\nDie ersten 20 Jahre meines Lebens, war ich mehr oder weniger erfolgreich als Schwimmer und Wasserballer aktiv.<\/p>\n<p><strong>Fotografieren<\/strong><br \/>\nSchon in Jugendjahren habe ich Freude an der Fotografie gefunden.<\/p>\n<p><strong>Reisen<\/strong><br \/>\nSchon in Kinder- und Jugendjahren war ich gerne unterwegs. Seit der Jahrtausendwende hat sich die Lust am selbstorganisierten Reisen immer mehr gesteigert. Von unseren Reisen berichten wir auf unserer Reise-Webseite <a href=\"https:\/\/www.ufftour,de\">ufftour.de<\/a><\/p>\n<p>Wer unbedingt m\u00f6chte, kann mich unter mar.wal (at) web.de per email erreichen (nat\u00fcrlich mit dem @-Zeichen zwischen mar.wal und web.de).<\/p>\n","protected":false},"excerpt":{"rendered":"<p>Mein Name ist Markus Walter. Wohnhaft in Friedrichsthal im sch\u00f6nen Saarland. Werdegang Geboren wurde ich im Jahre 1971, nach bestandenem Fachabitur habe ich zun\u00e4chst eine Ausbildung zum Datenverarbeitungskaufmann (so hie\u00df das damals) abgeschlossen und anschlie\u00dfend an der HTW des Saarlandes Informatik studiert. Schon fr\u00fch war ich im Bereich IT selbst\u00e4ndig, in erster Linie im Bereich [&hellip;]<\/p>\n","protected":false},"author":1,"featured_media":0,"parent":0,"menu_order":0,"comment_status":"closed","ping_status":"open","template":"front-page.php","meta":{"footnotes":""},"class_list":["post-2","page","type-page","status-publish","hentry"],"_links":{"self":[{"href":"https:\/\/markuswalter.net\/index.php\/wp-json\/wp\/v2\/pages\/2","targetHints":{"allow":["GET"]}}],"collection":[{"href":"https:\/\/markuswalter.net\/index.php\/wp-json\/wp\/v2\/pages"}],"about":[{"href":"https:\/\/markuswalter.net\/index.php\/wp-json\/wp\/v2\/types\/page"}],"author":[{"embeddable":true,"href":"https:\/\/markuswalter.net\/index.php\/wp-json\/wp\/v2\/users\/1"}],"replies":[{"embeddable":true,"href":"https:\/\/markuswalter.net\/index.php\/wp-json\/wp\/v2\/comments?post=2"}],"version-history":[{"count":5,"href":"https:\/\/markuswalter.net\/index.php\/wp-json\/wp\/v2\/pages\/2\/revisions"}],"predecessor-version":[{"id":22,"href":"https:\/\/markuswalter.net\/index.php\/wp-json\/wp\/v2\/pages\/2\/revisions\/22"}],"wp:attachment":[{"href":"https:\/\/markuswalter.net\/index.php\/wp-json\/wp\/v2\/media?parent=2"}],"curies":[{"name":"wp","href":"https:\/\/api.w.org\/{rel}","templated":true}]}}